{"id":470,"date":"2020-11-13T05:24:26","date_gmt":"2020-11-13T05:24:26","guid":{"rendered":"https:\/\/goc2020.govmu.org\/15032021_iicf\/?page_id=470"},"modified":"2025-03-10T11:51:08","modified_gmt":"2025-03-10T07:51:08","slug":"press-release","status":"publish","type":"page","link":"https:\/\/iicf.govmu.org\/iicf\/?page_id=470","title":{"rendered":"Press Release"},"content":{"rendered":"\t\t<div data-elementor-type=\"wp-post\" data-elementor-id=\"470\" class=\"elementor elementor-470\" data-elementor-post-type=\"page\">\n\t\t\t\t\t\t<section class=\"elementor-section elementor-top-section elementor-element elementor-element-d7d8b56 elementor-section-boxed elementor-section-height-default elementor-section-height-default\" data-id=\"d7d8b56\" data-element_type=\"section\" data-settings=\"{&quot;background_background&quot;:&quot;classic&quot;}\">\n\t\t\t\t\t\t\t<div class=\"elementor-background-overlay\"><\/div>\n\t\t\t\t\t\t\t<div class=\"elementor-container elementor-column-gap-default\">\n\t\t\t\t\t<div class=\"elementor-column elementor-col-33 elementor-top-column elementor-element elementor-element-b3d335b\" data-id=\"b3d335b\" data-element_type=\"column\">\n\t\t\t<div class=\"elementor-widget-wrap\">\n\t\t\t\t\t\t\t<\/div>\n\t\t<\/div>\n\t\t\t\t<div class=\"elementor-column elementor-col-33 elementor-top-column elementor-element elementor-element-fd69444\" data-id=\"fd69444\" data-element_type=\"column\">\n\t\t\t<div class=\"elementor-widget-wrap\">\n\t\t\t\t\t\t\t<\/div>\n\t\t<\/div>\n\t\t\t\t<div class=\"elementor-column elementor-col-33 elementor-top-column elementor-element elementor-element-674669b\" data-id=\"674669b\" data-element_type=\"column\">\n\t\t\t<div class=\"elementor-widget-wrap\">\n\t\t\t\t\t\t\t<\/div>\n\t\t<\/div>\n\t\t\t\t\t<\/div>\n\t\t<\/section>\n\t\t\t\t<section class=\"elementor-section elementor-top-section elementor-element elementor-element-5c40d7b elementor-section-boxed elementor-section-height-default elementor-section-height-default\" data-id=\"5c40d7b\" data-element_type=\"section\">\n\t\t\t\t\t\t<div class=\"elementor-container elementor-column-gap-default\">\n\t\t\t\t\t<div class=\"elementor-column elementor-col-100 elementor-top-column elementor-element elementor-element-2ebbf9c\" data-id=\"2ebbf9c\" data-element_type=\"column\">\n\t\t\t<div class=\"elementor-widget-wrap elementor-element-populated\">\n\t\t\t\t\t\t<div class=\"elementor-element elementor-element-fe195c7 elementor-widget elementor-widget-heading\" data-id=\"fe195c7\" data-element_type=\"widget\" data-widget_type=\"heading.default\">\n\t\t\t\t<div class=\"elementor-widget-container\">\n\t\t\t\t\t<h2 class=\"elementor-heading-title elementor-size-default\">Press Release<\/h2>\t\t\t\t<\/div>\n\t\t\t\t<\/div>\n\t\t\t\t<div class=\"elementor-element elementor-element-dc051dd elementor-widget-divider--view-line elementor-widget elementor-widget-divider\" data-id=\"dc051dd\" data-element_type=\"widget\" data-widget_type=\"divider.default\">\n\t\t\t\t<div class=\"elementor-widget-container\">\n\t\t\t\t\t\t\t<div class=\"elementor-divider\">\n\t\t\t<span class=\"elementor-divider-separator\">\n\t\t\t\t\t\t<\/span>\n\t\t<\/div>\n\t\t\t\t\t\t<\/div>\n\t\t\t\t<\/div>\n\t\t\t\t<div class=\"elementor-element elementor-element-3d7d5b1 elementor-widget elementor-widget-heading\" data-id=\"3d7d5b1\" data-element_type=\"widget\" data-widget_type=\"heading.default\">\n\t\t\t\t<div class=\"elementor-widget-container\">\n\t\t\t\t\t<h5 class=\"elementor-heading-title elementor-size-default\">Press Article Year 2024<\/h5>\t\t\t\t<\/div>\n\t\t\t\t<\/div>\n\t\t\t\t<div class=\"elementor-element elementor-element-e5f497e elementor-widget elementor-widget-text-editor\" data-id=\"e5f497e\" data-element_type=\"widget\" data-widget_type=\"text-editor.default\">\n\t\t\t\t<div class=\"elementor-widget-container\">\n\t\t\t\t\t\t\t\t\t<p><img decoding=\"async\" class=\"alignnone size-full wp-image-548\" src=\"https:\/\/iicf.govmu.org\/iicf\/wp-content\/uploads\/2020\/11\/arrow.gif\" alt=\"\" width=\"5\" height=\"7\" \/> <span style=\"color: #000000;\"><a style=\"color: #000000;\" href=\"https:\/\/defimedia.info\/fonds-dindemnisation-des-victimes-daccidents-de-nouveaux-reglements-en-vigueur\" target=\"_blank\" rel=\"noopener\">Fonds d&#8217;indemnisation des victimes d&#8217;accidents : de nouveaux r\u00e8glements en vigueur<\/a><\/span><\/p><p><img decoding=\"async\" class=\"alignnone size-full wp-image-548\" src=\"https:\/\/iicf.govmu.org\/iicf\/wp-content\/uploads\/2020\/11\/arrow.gif\" alt=\"\" width=\"5\" height=\"7\" \/> <a href=\"https:\/\/www.wazaa.mu\/news\/latest-stories\/service-financier-la-signature-dun-mou-entre-la-fsc-et-iicf-a-eu-lieu\" target=\"_blank\" rel=\"noopener\"><span style=\"color: #000000;\">Service Financier : la signature d\u2019un MOU entre la FSC et IICF a eu lieu<\/span><\/a><\/p><p><img decoding=\"async\" class=\"alignnone size-full wp-image-548\" src=\"https:\/\/iicf.govmu.org\/iicf\/wp-content\/uploads\/2020\/11\/arrow.gif\" alt=\"\" width=\"5\" height=\"7\" \/> <a href=\"https:\/\/lexpress.mu\/s\/m-kivisha-goodar-les-recours-disponibles-aux-victimes-de-delit-de-fuite-535753\" target=\"_blank\" rel=\"noopener\"><span style=\"color: #000000;\">M\u1d49 Kivisha Goodar: Les recours disponibles aux victimes de d\u00e9lit de fuite<\/span><\/a><\/p><p><img decoding=\"async\" class=\"alignnone size-full wp-image-548\" src=\"https:\/\/iicf.govmu.org\/iicf\/wp-content\/uploads\/2020\/11\/arrow.gif\" alt=\"\" width=\"5\" height=\"7\" \/> <span style=\"color: #000000;\"><a style=\"color: #000000;\" href=\"https:\/\/www.wazaa.mu\/news\/latest-stories\/d%C3%A9lit-de-fuite-s%C3%A9ance-de-travail-avec-liicf-et-la-mpf-pour-renforcer-le-hit-and-run-sub-fund\" target=\"_blank\" rel=\"noopener\">D\u00e9lit de fuite : s\u00e9ance de travail avec l\u2019IICF et la MPF pour renforcer le Hit and Run Sub Fund<\/a><br \/><br \/><img decoding=\"async\" class=\"alignnone size-full wp-image-548\" src=\"https:\/\/iicf.govmu.org\/iicf\/wp-content\/uploads\/2020\/11\/arrow.gif\" alt=\"\" width=\"5\" height=\"7\" \/>\u00a0<a style=\"color: #000000;\" href=\"https:\/\/www.lemauricien.com\/actualites\/societe\/insecurite-routiere-six-cas-de-hit-and-run-enregistres-chaque-semaine-lannee-derniere\/649378\/#google_vignette\" target=\"_blank\" rel=\"noopener\">(In)S\u00e9curit\u00e9 routi\u00e8re : Six cas de Hit and Run enregistr\u00e9s chaque semaine l\u2019ann\u00e9e derni\u00e8re<\/a><br \/><\/span><\/p>\t\t\t\t\t\t\t\t<\/div>\n\t\t\t\t<\/div>\n\t\t\t\t<div class=\"elementor-element elementor-element-2f4a26a elementor-widget elementor-widget-text-editor\" data-id=\"2f4a26a\" data-element_type=\"widget\" data-widget_type=\"text-editor.default\">\n\t\t\t\t<div class=\"elementor-widget-container\">\n\t\t\t\t\t\t\t\t\t<p><img decoding=\"async\" class=\"alignnone size-full wp-image-548\" src=\"https:\/\/iicf.govmu.org\/iicf\/wp-content\/uploads\/2020\/11\/arrow.gif\" alt=\"\" width=\"5\" height=\"7\" \/> <span style=\"color: #000000;\"><a style=\"color: #000000;\" href=\"https:\/\/defimedia.info\/rs-3-millions-deboursees-linsurance-industry-compensation-fund-vient-en-aide-aux-victimes-de-delit-de-fuite\" target=\"_blank\" rel=\"noopener\">Rs 3 millions d\u00e9bours\u00e9es : l\u2019Insurance Industry Compensation Fund vient en aide aux victimes de d\u00e9lit de fuite<\/a><\/span><\/p><p><img decoding=\"async\" class=\"alignnone size-full wp-image-548\" src=\"https:\/\/iicf.govmu.org\/iicf\/wp-content\/uploads\/2020\/11\/arrow.gif\" alt=\"\" width=\"5\" height=\"7\" \/> <a href=\"https:\/\/mbcradio.tv\/article\/vid%C3%A9o-jusqu%C3%A0-rs-700-000-pour-d%C3%A9dommager-les-victimes-de-d%C3%A9lits-de-fuite\" target=\"_blank\" rel=\"noopener\"><span style=\"color: #000000;\">Jusqu&#8217;\u00e0 Rs 700 000 pour d\u00e9dommager les victimes de d\u00e9lits de fuite<\/span><\/a><\/p><p><img decoding=\"async\" class=\"alignnone size-full wp-image-548\" src=\"https:\/\/iicf.govmu.org\/iicf\/wp-content\/uploads\/2020\/11\/arrow.gif\" alt=\"\" width=\"5\" height=\"7\" \/> <a href=\"https:\/\/motors.mega.mu\/news\/victimes-de-hit-and-run-12-familles-indemnisees-20200713.html\" target=\"_blank\" rel=\"noopener\"><span style=\"color: #000000;\">Victimes de Hit and Run : 12 familles indemnis\u00e9es<\/span><\/a><\/p><p><img decoding=\"async\" class=\"alignnone size-full wp-image-548\" src=\"https:\/\/iicf.govmu.org\/iicf\/wp-content\/uploads\/2020\/11\/arrow.gif\" alt=\"\" width=\"5\" height=\"7\" \/> <span style=\"color: #000000;\"><a style=\"color: #000000;\" href=\"https:\/\/www.mbcradio.tv\/article\/video-les-victimes-de-delits-de-fuite-recoivent-leurs-compensations-de-l-iicf\" target=\"_blank\" rel=\"noopener\">Les victimes de delits de fuite recoivent leurs compensations de l&#8217;IICF<\/a><\/span><\/p>\t\t\t\t\t\t\t\t<\/div>\n\t\t\t\t<\/div>\n\t\t\t\t\t<\/div>\n\t\t<\/div>\n\t\t\t\t\t<\/div>\n\t\t<\/section>\n\t\t\t\t<\/div>\n\t\t","protected":false},"excerpt":{"rendered":"<p>Press Release Press Article Year 2024 Fonds d&#8217;indemnisation des victimes d&#8217;accidents : de nouveaux r\u00e8glements en vigueur Service Financier : la signature d\u2019un MOU entre la FSC et IICF a eu lieu M\u1d49 Kivisha Goodar: Les recours disponibles aux victimes de d\u00e9lit de fuite D\u00e9lit de fuite : s\u00e9ance de travail avec l\u2019IICF et la &hellip;<\/p>\n<p class=\"read-more\"> <a class=\"\" href=\"https:\/\/iicf.govmu.org\/iicf\/?page_id=470\"> <span class=\"screen-reader-text\">Press Release<\/span> Read More &raquo;<\/a><\/p>\n","protected":false},"author":1,"featured_media":0,"parent":0,"menu_order":0,"comment_status":"closed","ping_status":"closed","template":"","meta":{"ngg_post_thumbnail":0,"footnotes":""},"class_list":["post-470","page","type-page","status-publish","hentry"],"_links":{"self":[{"href":"https:\/\/iicf.govmu.org\/iicf\/index.php?rest_route=\/wp\/v2\/pages\/470","targetHints":{"allow":["GET"]}}],"collection":[{"href":"https:\/\/iicf.govmu.org\/iicf\/index.php?rest_route=\/wp\/v2\/pages"}],"about":[{"href":"https:\/\/iicf.govmu.org\/iicf\/index.php?rest_route=\/wp\/v2\/types\/page"}],"author":[{"embeddable":true,"href":"https:\/\/iicf.govmu.org\/iicf\/index.php?rest_route=\/wp\/v2\/users\/1"}],"replies":[{"embeddable":true,"href":"https:\/\/iicf.govmu.org\/iicf\/index.php?rest_route=%2Fwp%2Fv2%2Fcomments&post=470"}],"version-history":[{"count":19,"href":"https:\/\/iicf.govmu.org\/iicf\/index.php?rest_route=\/wp\/v2\/pages\/470\/revisions"}],"predecessor-version":[{"id":1506,"href":"https:\/\/iicf.govmu.org\/iicf\/index.php?rest_route=\/wp\/v2\/pages\/470\/revisions\/1506"}],"wp:attachment":[{"href":"https:\/\/iicf.govmu.org\/iicf\/index.php?rest_route=%2Fwp%2Fv2%2Fmedia&parent=470"}],"curies":[{"name":"wp","href":"https:\/\/api.w.org\/{rel}","templated":true}]}}